{"id":2057,"date":"2024-06-17T08:12:25","date_gmt":"2024-06-17T11:12:25","guid":{"rendered":"https:\/\/lardonatoflores.org.br\/v3\/?page_id=2057"},"modified":"2025-01-29T15:17:35","modified_gmt":"2025-01-29T18:17:35","slug":"federal-2024","status":"publish","type":"page","link":"https:\/\/lardonatoflores.org.br\/v3\/federal-2024\/","title":{"rendered":"Federal 202240120007"},"content":{"rendered":"\n<a  data-e-Disable-Page-Transition=\"true\" class=\"download-link download-button aligncenter\" title=\"Vers\u00e3o dezembro 2024\" href=\"https:\/\/lardonatoflores.org.br\/v3\/download\/2398\/?tmstv=1778058432\" rel=\"nofollow\" id=\"download-link-2398\" data-redirect=\"false\" >\n\tDownload &ldquo;Presta\u00e7\u00e3o de Contas - Emenda Federal Dezembro&rdquo;\t<small>Prestacao-de-contas-Dezembro-2024.pdf\t\t&ndash; Baixado 637 vezes\t\t&ndash; 2,69 MB<\/small>\n<\/a>\n\n<p>&nbsp;<\/p>\n\n<a  data-e-Disable-Page-Transition=\"true\" class=\"download-link download-button aligncenter\" title=\"Vers\u00e3o novembro 2024\" href=\"https:\/\/lardonatoflores.org.br\/v3\/download\/2395\/?tmstv=1778058432\" rel=\"nofollow\" id=\"download-link-2395\" data-redirect=\"false\" >\n\tDownload &ldquo;Presta\u00e7\u00e3o de Contas - Emenda Federal Novembro&rdquo;\t<small>Prestacao-de-contas-Novembro-2024.pdf\t\t&ndash; Baixado 639 vezes\t\t&ndash; 2,84 MB<\/small>\n<\/a>\n\n<p>&nbsp;<\/p>\n\n<a  data-e-Disable-Page-Transition=\"true\" class=\"download-link download-button aligncenter\" title=\"Vers\u00e3o emenda parlamentar federal 20224012007\" href=\"https:\/\/lardonatoflores.org.br\/v3\/download\/2314\/?tmstv=1778058432\" rel=\"nofollow\" id=\"download-link-2314\" data-redirect=\"false\" >\n\tDownload &ldquo;Presta\u00e7\u00e3o de Contas - Emenda Federal Outubro&rdquo;\t<small>Prestacao-de-Contas-Outubro-Emenda-Parlamentar-Federal-20224012007.pdf\t\t&ndash; Baixado 678 vezes\t\t&ndash; 4,58 MB<\/small>\n<\/a>\n\n<p>&nbsp;<\/p>\n\n<a  data-e-Disable-Page-Transition=\"true\" class=\"download-link download-button aligncenter\" title=\"Vers\u00e3o emenda parlamentar federal 20224012007\" href=\"https:\/\/lardonatoflores.org.br\/v3\/download\/2310\/?tmstv=1778058432\" rel=\"nofollow\" id=\"download-link-2310\" data-redirect=\"false\" >\n\tDownload &ldquo;Presta\u00e7\u00e3o de Contas - Emenda Federal Setembro&rdquo;\t<small>Prestacao-de-Contas-Setembro-Emenda-Parlamentar-Federal-20224012007.pdf\t\t&ndash; Baixado 717 vezes\t\t&ndash; 2,62 MB<\/small>\n<\/a>\n\n<p>&nbsp;<\/p>\n\n<a  data-e-Disable-Page-Transition=\"true\" class=\"download-link download-button aligncenter\" title=\"\" href=\"https:\/\/lardonatoflores.org.br\/v3\/download\/2268\/?tmstv=1778058432\" rel=\"nofollow\" id=\"download-link-2268\" data-redirect=\"false\" >\n\tDownload &ldquo;Presta\u00e7\u00e3o de Contas - Emenda Federal Agosto&rdquo;\t<small>Prestacao-de-Contas-Agosto-Recurso-Emenda-Parlamentar-Federal-n-20224012007.pdf\t\t&ndash; Baixado 639 vezes\t\t&ndash; 4,06 MB<\/small>\n<\/a>\n\n<p>&nbsp;<\/p>\n\n<a  data-e-Disable-Page-Transition=\"true\" class=\"download-link download-button aligncenter\" title=\"Vers\u00e3o emenda parlamentar (site)\" href=\"https:\/\/lardonatoflores.org.br\/v3\/download\/2195\/?tmstv=1778058432\" rel=\"nofollow\" id=\"download-link-2195\" data-redirect=\"false\" >\n\tDownload &ldquo;Presta\u00e7\u00e3o de Contas - Emenda Federal Julho&rdquo;\t<small>Prestacao-de-Contas-Julho-Emenda-Parlamentar-Site.pdf\t\t&ndash; Baixado 733 vezes\t\t&ndash; 3,34 MB<\/small>\n<\/a>\n\n<p>&nbsp;<\/p>\n\n<a  data-e-Disable-Page-Transition=\"true\" class=\"download-link download-button aligncenter\" title=\"\" href=\"https:\/\/lardonatoflores.org.br\/v3\/download\/2221\/?tmstv=1778058432\" rel=\"nofollow\" id=\"download-link-2221\" data-redirect=\"false\" >\n\tDownload &ldquo;Presta\u00e7\u00e3o de Contas - Emenda Federal - Junho&rdquo;\t<small>Prestacao-de-Contas-Emenda-Parlamentar-202240120007-Junho-2024.pdf\t\t&ndash; Baixado 607 vezes\t\t&ndash; 4,66 MB<\/small>\n<\/a>\n\n<p>&nbsp;<\/p>\n\n<a  data-e-Disable-Page-Transition=\"true\" class=\"download-link download-button aligncenter\" title=\"\" href=\"https:\/\/lardonatoflores.org.br\/v3\/download\/2236\/?tmstv=1778058432\" rel=\"nofollow\" id=\"download-link-2236\" data-redirect=\"false\" >\n\tDownload &ldquo;Presta\u00e7\u00e3o de Contas - Emenda Federal Maio&rdquo;\t<small>Prestacao-de-contas-Emenda-Parlamentar-202240120007-Maio-2024.pdf\t\t&ndash; Baixado 543 vezes\t\t&ndash; 12,57 MB<\/small>\n<\/a>\n\n<p>&nbsp;<\/p>\n\n<a  data-e-Disable-Page-Transition=\"true\" class=\"download-link download-button aligncenter\" title=\"\" href=\"https:\/\/lardonatoflores.org.br\/v3\/download\/2131\/?tmstv=1778058432\" rel=\"nofollow\" id=\"download-link-2131\" data-redirect=\"false\" >\n\tDownload &ldquo;Presta\u00e7\u00e3o de Contas - Emenda Federal Abril&rdquo;\t<small>Prestacao-de-contas-Emenda-Parlamentar-202240120007-Abril-2024.pdf\t\t&ndash; Baixado 297 vezes\t\t&ndash; 6,49 MB<\/small>\n<\/a>\n\n<p>&nbsp;<\/p>\n\n<a  data-e-Disable-Page-Transition=\"true\" class=\"download-link download-button aligncenter\" title=\"\" href=\"https:\/\/lardonatoflores.org.br\/v3\/download\/2135\/?tmstv=1778058432\" rel=\"nofollow\" id=\"download-link-2135\" data-redirect=\"false\" >\n\tDownload &ldquo;Presta\u00e7\u00e3o de Contas - Emenda Federal Mar\u00e7o&rdquo;\t<small>Prestacao-de-contas-Emenda-Parlamentar-202240120007-Marco-2024.pdf\t\t&ndash; Baixado 266 vezes\t\t&ndash; 9,69 MB<\/small>\n<\/a>\n\n<p>&nbsp;<\/p>\n\n<a  data-e-Disable-Page-Transition=\"true\" class=\"download-link download-button aligncenter\" title=\"\" href=\"https:\/\/lardonatoflores.org.br\/v3\/download\/2256\/?tmstv=1778058432\" rel=\"nofollow\" id=\"download-link-2256\" data-redirect=\"false\" >\n\tDownload &ldquo;Termo de Colabora\u00e7\u00e3o EMENDA FEDERAL&rdquo;\t<small>Termo-de-Colaboracao-EMENDA-FEDERAL.pdf\t\t&ndash; Baixado 270 vezes\t\t&ndash; 4,74 MB<\/small>\n<\/a>\n\n","protected":false},"excerpt":{"rendered":"<p>&nbsp; &nbsp; &nbsp; &nbsp; &nbsp; &nbsp; &nbsp; &nbsp; &nbsp; &nbsp;<\/p>\n","protected":false},"author":2,"featured_media":0,"parent":0,"menu_order":0,"comment_status":"closed","ping_status":"closed","template":"","meta":{"footnotes":""},"class_list":["post-2057","page","type-page","status-publish","hentry"],"_links":{"self":[{"href":"https:\/\/lardonatoflores.org.br\/v3\/wp-json\/wp\/v2\/pages\/2057","targetHints":{"allow":["GET"]}}],"collection":[{"href":"https:\/\/lardonatoflores.org.br\/v3\/wp-json\/wp\/v2\/pages"}],"about":[{"href":"https:\/\/lardonatoflores.org.br\/v3\/wp-json\/wp\/v2\/types\/page"}],"author":[{"embeddable":true,"href":"https:\/\/lardonatoflores.org.br\/v3\/wp-json\/wp\/v2\/users\/2"}],"replies":[{"embeddable":true,"href":"https:\/\/lardonatoflores.org.br\/v3\/wp-json\/wp\/v2\/comments?post=2057"}],"version-history":[{"count":13,"href":"https:\/\/lardonatoflores.org.br\/v3\/wp-json\/wp\/v2\/pages\/2057\/revisions"}],"predecessor-version":[{"id":2401,"href":"https:\/\/lardonatoflores.org.br\/v3\/wp-json\/wp\/v2\/pages\/2057\/revisions\/2401"}],"wp:attachment":[{"href":"https:\/\/lardonatoflores.org.br\/v3\/wp-json\/wp\/v2\/media?parent=2057"}],"curies":[{"name":"wp","href":"https:\/\/api.w.org\/{rel}","templated":true}]}}