{"id":2092,"date":"2024-07-01T12:15:44","date_gmt":"2024-07-01T15:15:44","guid":{"rendered":"https:\/\/lardonatoflores.org.br\/v3\/?page_id=2092"},"modified":"2024-07-01T12:18:58","modified_gmt":"2024-07-01T15:18:58","slug":"processo-seds-prc-2024-00240-dm","status":"publish","type":"page","link":"https:\/\/lardonatoflores.org.br\/v3\/processo-seds-prc-2024-00240-dm\/","title":{"rendered":"Processo SEDS &#8211; PRC-2024-00240-DM"},"content":{"rendered":"\n<a  data-e-Disable-Page-Transition=\"true\" class=\"download-link download-button aligncenter\" title=\"\" href=\"https:\/\/lardonatoflores.org.br\/v3\/download\/2101\/?tmstv=1777737068\" rel=\"nofollow\" id=\"download-link-2101\" data-redirect=\"false\" >\n\tDownload &ldquo;Termo de Fomento - Aquisi\u00e7\u00e3o de equipamentos - SEDS PRC- 2024-00240&rdquo;\t<small>Termo-de-Fomento-Aquisicao-de-equipamentos-SEDS-PRC-2024-00240.pdf\t\t&ndash; Baixado 1114 vezes\t\t&ndash; 308,93 KB<\/small>\n<\/a>\n\n<p>&nbsp;<\/p>\n\n<a  data-e-Disable-Page-Transition=\"true\" class=\"download-link download-button aligncenter\" title=\"Vers\u00e3o aquisi\u00e7\u00e3o de equipamentos\" href=\"https:\/\/lardonatoflores.org.br\/v3\/download\/2097\/?tmstv=1777737068\" rel=\"nofollow\" id=\"download-link-2097\" data-redirect=\"false\" >\n\tDownload &ldquo;Plano de Trabalho - Aquisi\u00e7\u00e3o de equipamentos&rdquo;\t<small>Plano-de-Trabalho-Aquisicao-de-equipamentos-1.pdf\t\t&ndash; Baixado 1309 vezes\t\t&ndash; 48,86 KB<\/small>\n<\/a>\n\n","protected":false},"excerpt":{"rendered":"<p>&nbsp;<\/p>\n","protected":false},"author":2,"featured_media":0,"parent":0,"menu_order":0,"comment_status":"closed","ping_status":"closed","template":"","meta":{"footnotes":""},"class_list":["post-2092","page","type-page","status-publish","hentry"],"_links":{"self":[{"href":"https:\/\/lardonatoflores.org.br\/v3\/wp-json\/wp\/v2\/pages\/2092","targetHints":{"allow":["GET"]}}],"collection":[{"href":"https:\/\/lardonatoflores.org.br\/v3\/wp-json\/wp\/v2\/pages"}],"about":[{"href":"https:\/\/lardonatoflores.org.br\/v3\/wp-json\/wp\/v2\/types\/page"}],"author":[{"embeddable":true,"href":"https:\/\/lardonatoflores.org.br\/v3\/wp-json\/wp\/v2\/users\/2"}],"replies":[{"embeddable":true,"href":"https:\/\/lardonatoflores.org.br\/v3\/wp-json\/wp\/v2\/comments?post=2092"}],"version-history":[{"count":3,"href":"https:\/\/lardonatoflores.org.br\/v3\/wp-json\/wp\/v2\/pages\/2092\/revisions"}],"predecessor-version":[{"id":2105,"href":"https:\/\/lardonatoflores.org.br\/v3\/wp-json\/wp\/v2\/pages\/2092\/revisions\/2105"}],"wp:attachment":[{"href":"https:\/\/lardonatoflores.org.br\/v3\/wp-json\/wp\/v2\/media?parent=2092"}],"curies":[{"name":"wp","href":"https:\/\/api.w.org\/{rel}","templated":true}]}}