{"id":2455,"date":"2025-08-27T15:26:44","date_gmt":"2025-08-27T18:26:44","guid":{"rendered":"https:\/\/lardonatoflores.org.br\/v3\/?page_id=2455"},"modified":"2026-02-10T08:49:55","modified_gmt":"2026-02-10T11:49:55","slug":"municipal-2025","status":"publish","type":"page","link":"https:\/\/lardonatoflores.org.br\/v3\/municipal-2025\/","title":{"rendered":"Municipal 2025"},"content":{"rendered":"\n<a  data-e-Disable-Page-Transition=\"true\" class=\"download-link download-button aligncenter\" title=\"\" href=\"https:\/\/lardonatoflores.org.br\/v3\/download\/2716\/?tmstv=1776690099\" rel=\"nofollow\" id=\"download-link-2716\" data-redirect=\"false\" >\n\tDownload &ldquo;Presta\u00e7\u00e3o de contas anual Municipal&rdquo;\t<small>Prestacao-de-contas-anual-Municipal.pdf\t\t&ndash; Baixado 2 vezes\t\t&ndash; 3,58 MB<\/small>\n<\/a>\n\n<p>&nbsp;<\/p>\n\n<a  data-e-Disable-Page-Transition=\"true\" class=\"download-link download-button aligncenter\" title=\"\" href=\"https:\/\/lardonatoflores.org.br\/v3\/download\/2706\/?tmstv=1776690099\" rel=\"nofollow\" id=\"download-link-2706\" data-redirect=\"false\" >\n\tDownload &ldquo;Presta\u00e7\u00e3o de contas Dezembro Municipal&rdquo;\t<small>Prestacao-de-contas-Dezembro-Municipal-1.pdf\t\t&ndash; Baixado uma vez\t\t&ndash; 1,34 MB<\/small>\n<\/a>\n\n<p>&nbsp;<\/p>\n\n<a  data-e-Disable-Page-Transition=\"true\" class=\"download-link download-button aligncenter\" title=\"Vers\u00e3o novembro\" href=\"https:\/\/lardonatoflores.org.br\/v3\/download\/2694\/?tmstv=1776690099\" rel=\"nofollow\" id=\"download-link-2694\" data-redirect=\"false\" >\n\tDownload &ldquo;Presta\u00e7\u00e3o de contas Municipal - Novembro&rdquo;\t<small>Prestacao-de-contas-Municipal-Novembro.pdf\t\t&ndash; Baixado uma vez\t\t&ndash; 1,97 MB<\/small>\n<\/a>\n\n<p>&nbsp;<\/p>\n\n<a  data-e-Disable-Page-Transition=\"true\" class=\"download-link download-button aligncenter\" title=\"Vers\u00e3o outubro\" href=\"https:\/\/lardonatoflores.org.br\/v3\/download\/2654\/?tmstv=1776690099\" rel=\"nofollow\" id=\"download-link-2654\" data-redirect=\"false\" >\n\tDownload &ldquo;PRESTA\u00c7\u00c3O DE CONTAS MUNICIPAL - OUTUBRO&rdquo;\t<small>PRESTACAO-DE-CONTAS-MUNICIPAL-OUTUBRO.pdf\t\t&ndash; Baixado 73 vezes\t\t&ndash; 2,22 MB<\/small>\n<\/a>\n\n<p>&nbsp;<\/p>\n\n<a  data-e-Disable-Page-Transition=\"true\" class=\"download-link download-button aligncenter\" title=\"Vers\u00e3o setembro\" href=\"https:\/\/lardonatoflores.org.br\/v3\/download\/2632\/?tmstv=1776690099\" rel=\"nofollow\" id=\"download-link-2632\" data-redirect=\"false\" >\n\tDownload &ldquo;Presta\u00e7\u00e3o de contas MUNICIPAL - Setembro&rdquo;\t<small>Prestacao-de-contas-MUNICIPAL-Setembro.pdf\t\t&ndash; Baixado 146 vezes\t\t&ndash; 1,09 MB<\/small>\n<\/a>\n\n<p>&nbsp;<\/p>\n\n<a  data-e-Disable-Page-Transition=\"true\" class=\"download-link download-button aligncenter\" title=\"Vers\u00e3o agosto\" href=\"https:\/\/lardonatoflores.org.br\/v3\/download\/2629\/?tmstv=1776690099\" rel=\"nofollow\" id=\"download-link-2629\" data-redirect=\"false\" >\n\tDownload &ldquo;Presta\u00e7\u00e3o de contas Municipal - Agosto&rdquo;\t<small>Prestacao-de-contas-Municipal-Agosto.pdf\t\t&ndash; Baixado 139 vezes\t\t&ndash; 1,54 MB<\/small>\n<\/a>\n\n<p>&nbsp;<\/p>\n\n<a  data-e-Disable-Page-Transition=\"true\" class=\"download-link download-button aligncenter\" title=\"Vers\u00e3o julho\" href=\"https:\/\/lardonatoflores.org.br\/v3\/download\/2626\/?tmstv=1776690099\" rel=\"nofollow\" id=\"download-link-2626\" data-redirect=\"false\" >\n\tDownload &ldquo;Presta\u00e7\u00e3o de Contas Municipal - Julho&rdquo;\t<small>Prestacao-de-Contas-Municipal-Julho.pdf\t\t&ndash; Baixado 129 vezes\t\t&ndash; 1,05 MB<\/small>\n<\/a>\n\n<p>&nbsp;<\/p>\n\n<a  data-e-Disable-Page-Transition=\"true\" class=\"download-link download-button aligncenter\" title=\"Vers\u00e3o junho\" href=\"https:\/\/lardonatoflores.org.br\/v3\/download\/2493\/?tmstv=1776690099\" rel=\"nofollow\" id=\"download-link-2493\" data-redirect=\"false\" >\n\tDownload &ldquo;Presta\u00e7\u00e3o de Contas Municipal - JUNHO&rdquo;\t<small>Prestacao-de-Contas-Municipal-JUNHO.pdf\t\t&ndash; Baixado 367 vezes\t\t&ndash; 2,07 MB<\/small>\n<\/a>\n\n<p>&nbsp;<\/p>\n\n<a  data-e-Disable-Page-Transition=\"true\" class=\"download-link download-button aligncenter\" title=\"Vers\u00e3o maio\" href=\"https:\/\/lardonatoflores.org.br\/v3\/download\/2496\/?tmstv=1776690099\" rel=\"nofollow\" id=\"download-link-2496\" data-redirect=\"false\" >\n\tDownload &ldquo;Presta\u00e7\u00e3o de Contas Municipal - MAIO&rdquo;\t<small>Prestacao-de-Contas-Municipal-MAIO.pdf\t\t&ndash; Baixado 393 vezes\t\t&ndash; 1,54 MB<\/small>\n<\/a>\n\n<p>&nbsp;<\/p>\n\n<a  data-e-Disable-Page-Transition=\"true\" class=\"download-link download-button aligncenter\" title=\"Vers\u00e3o abril\" href=\"https:\/\/lardonatoflores.org.br\/v3\/download\/2500\/?tmstv=1776690099\" rel=\"nofollow\" id=\"download-link-2500\" data-redirect=\"false\" >\n\tDownload &ldquo;Presta\u00e7\u00e3o de contas Municipal - ABRIL&rdquo;\t<small>Prestacao-de-contas-Municipal-ABRIL.pdf\t\t&ndash; Baixado 372 vezes\t\t&ndash; 1,54 MB<\/small>\n<\/a>\n\n<p>&nbsp;<\/p>\n\n<a  data-e-Disable-Page-Transition=\"true\" class=\"download-link download-button aligncenter\" title=\"Vers\u00e3o mar\u00c7o\" href=\"https:\/\/lardonatoflores.org.br\/v3\/download\/2503\/?tmstv=1776690099\" rel=\"nofollow\" id=\"download-link-2503\" data-redirect=\"false\" >\n\tDownload &ldquo;Presta\u00e7\u00e3o de contas Municipal - MAR\u00c7O&rdquo;\t<small>Prestacao-de-contas-Municipal-MARCO.pdf\t\t&ndash; Baixado 378 vezes\t\t&ndash; 933,87 KB<\/small>\n<\/a>\n\n<p>&nbsp;<\/p>\n\n<a  data-e-Disable-Page-Transition=\"true\" class=\"download-link download-button aligncenter\" title=\"Vers\u00e3o municipal\" href=\"https:\/\/lardonatoflores.org.br\/v3\/download\/2506\/?tmstv=1776690099\" rel=\"nofollow\" id=\"download-link-2506\" data-redirect=\"false\" >\n\tDownload &ldquo;Plano de Trabalho e Aplica\u00e7\u00e3o - MUNICIPAL&rdquo;\t<small>Plano-de-Trabalho-e-Aplicacao-MUNICIPAL.pdf\t\t&ndash; Baixado 337 vezes\t\t&ndash; 10,20 MB<\/small>\n<\/a>\n\n<p>&nbsp;<\/p>\n\n<a  data-e-Disable-Page-Transition=\"true\" class=\"download-link download-button aligncenter\" title=\"Vers\u00e3o 2025 lar donato flores\" href=\"https:\/\/lardonatoflores.org.br\/v3\/download\/2509\/?tmstv=1776690099\" rel=\"nofollow\" id=\"download-link-2509\" data-redirect=\"false\" >\n\tDownload &ldquo;TERMO DE COLABORACAO N\u00ba 002-2025 LAR DONATO FLORES&rdquo;\t<small>TERMO-DE-COLABORACAO-No-002-2025-LAR-DONATO-FLORES.pdf\t\t&ndash; Baixado 221 vezes\t\t&ndash; 7,72 MB<\/small>\n<\/a>\n\n<p>&nbsp;<\/p>\n<p>&nbsp;<\/p>\n<p>&nbsp;<\/p>\n<p>&nbsp;<\/p>\n<p>&nbsp;<\/p>\n<p>&nbsp;<\/p>\n<p>&nbsp;<\/p>\n<p>&nbsp;<\/p>\n","protected":false},"excerpt":{"rendered":"<p>&nbsp; &nbsp; &nbsp; &nbsp; &nbsp; &nbsp; &nbsp; &nbsp; &nbsp; &nbsp; [&hellip;]<\/p>\n","protected":false},"author":2,"featured_media":0,"parent":0,"menu_order":0,"comment_status":"closed","ping_status":"closed","template":"","meta":{"footnotes":""},"class_list":["post-2455","page","type-page","status-publish","hentry"],"_links":{"self":[{"href":"https:\/\/lardonatoflores.org.br\/v3\/wp-json\/wp\/v2\/pages\/2455","targetHints":{"allow":["GET"]}}],"collection":[{"href":"https:\/\/lardonatoflores.org.br\/v3\/wp-json\/wp\/v2\/pages"}],"about":[{"href":"https:\/\/lardonatoflores.org.br\/v3\/wp-json\/wp\/v2\/types\/page"}],"author":[{"embeddable":true,"href":"https:\/\/lardonatoflores.org.br\/v3\/wp-json\/wp\/v2\/users\/2"}],"replies":[{"embeddable":true,"href":"https:\/\/lardonatoflores.org.br\/v3\/wp-json\/wp\/v2\/comments?post=2455"}],"version-history":[{"count":9,"href":"https:\/\/lardonatoflores.org.br\/v3\/wp-json\/wp\/v2\/pages\/2455\/revisions"}],"predecessor-version":[{"id":2719,"href":"https:\/\/lardonatoflores.org.br\/v3\/wp-json\/wp\/v2\/pages\/2455\/revisions\/2719"}],"wp:attachment":[{"href":"https:\/\/lardonatoflores.org.br\/v3\/wp-json\/wp\/v2\/media?parent=2455"}],"curies":[{"name":"wp","href":"https:\/\/api.w.org\/{rel}","templated":true}]}}