{"id":2457,"date":"2025-08-27T15:27:04","date_gmt":"2025-08-27T18:27:04","guid":{"rendered":"https:\/\/lardonatoflores.org.br\/v3\/?page_id=2457"},"modified":"2026-02-10T12:44:56","modified_gmt":"2026-02-10T15:44:56","slug":"fmdca-2025","status":"publish","type":"page","link":"https:\/\/lardonatoflores.org.br\/v3\/fmdca-2025\/","title":{"rendered":"FMDCA 2025"},"content":{"rendered":"\n<a  data-e-Disable-Page-Transition=\"true\" class=\"download-link download-button aligncenter\" title=\"\" href=\"https:\/\/lardonatoflores.org.br\/v3\/download\/2720\/?tmstv=1776451746\" rel=\"nofollow\" id=\"download-link-2720\" data-redirect=\"false\" >\n\tDownload &ldquo;Presta\u00e7\u00e3o de contas anual FMDCA&rdquo;\t<small>Prestacao-de-contas-anual-FMDCA-1.pdf\t\t&ndash; Baixado 2 vezes\t\t&ndash; 2,87 MB<\/small>\n<\/a>\n\n<p>&nbsp;<\/p>\n\n<a  data-e-Disable-Page-Transition=\"true\" class=\"download-link download-button aligncenter\" title=\"Vers\u00e3o fmdca\" href=\"https:\/\/lardonatoflores.org.br\/v3\/download\/2702\/?tmstv=1776451746\" rel=\"nofollow\" id=\"download-link-2702\" data-redirect=\"false\" >\n\tDownload &ldquo;Presta\u00e7\u00e3o de contas Dezembro - FMDCA&rdquo;\t<small>Prestacao-de-contas-Dezembro-FMDCA.pdf\t\t&ndash; Baixado uma vez\t\t&ndash; 1,50 MB<\/small>\n<\/a>\n\n<p>&nbsp;<\/p>\n\n<a  data-e-Disable-Page-Transition=\"true\" class=\"download-link download-button aligncenter\" title=\"Vers\u00e3o novembro\" href=\"https:\/\/lardonatoflores.org.br\/v3\/download\/2690\/?tmstv=1776451746\" rel=\"nofollow\" id=\"download-link-2690\" data-redirect=\"false\" >\n\tDownload &ldquo;Presta\u00e7\u00e3o de contas FMDCA - Novembro&rdquo;\t<small>Prestacao-de-contas-FMDCA-Novembro.pdf\t\t&ndash; Baixado uma vez\t\t&ndash; 1,92 MB<\/small>\n<\/a>\n\n<p>&nbsp;<\/p>\n\n<a  data-e-Disable-Page-Transition=\"true\" class=\"download-link download-button aligncenter\" title=\"\" href=\"https:\/\/lardonatoflores.org.br\/v3\/download\/2650\/?tmstv=1776451746\" rel=\"nofollow\" id=\"download-link-2650\" data-redirect=\"false\" >\n\tDownload &ldquo;Presta\u00e7\u00e3o de contas Outubro FMDCA&rdquo;\t<small>Prestacao-de-contas-Outubro-FMDCA.pdf\t\t&ndash; Baixado 62 vezes\t\t&ndash; 1,82 MB<\/small>\n<\/a>\n\n<p>&nbsp;<\/p>\n\n<a  data-e-Disable-Page-Transition=\"true\" class=\"download-link download-button aligncenter\" title=\"Vers\u00e3o setembro\" href=\"https:\/\/lardonatoflores.org.br\/v3\/download\/2642\/?tmstv=1776451746\" rel=\"nofollow\" id=\"download-link-2642\" data-redirect=\"false\" >\n\tDownload &ldquo;Presta\u00e7\u00e3o de contas FMDCA - Setembro&rdquo;\t<small>Prestacao-de-contas-FMDCA-Setembro.pdf\t\t&ndash; Baixado 105 vezes\t\t&ndash; 1,07 MB<\/small>\n<\/a>\n\n<p>&nbsp;<\/p>\n\n<a  data-e-Disable-Page-Transition=\"true\" class=\"download-link download-button aligncenter\" title=\"Vers\u00e3o agosto\" href=\"https:\/\/lardonatoflores.org.br\/v3\/download\/2639\/?tmstv=1776451746\" rel=\"nofollow\" id=\"download-link-2639\" data-redirect=\"false\" >\n\tDownload &ldquo;Presta\u00e7\u00e3o de contas FMDCA - Agosto&rdquo;\t<small>Prestacao-de-contas-FMDCA-Agosto.pdf\t\t&ndash; Baixado 97 vezes\t\t&ndash; 1,39 MB<\/small>\n<\/a>\n\n<p>&nbsp;<\/p>\n\n<a  data-e-Disable-Page-Transition=\"true\" class=\"download-link download-button aligncenter\" title=\"Vers\u00e3o julho\" href=\"https:\/\/lardonatoflores.org.br\/v3\/download\/2636\/?tmstv=1776451746\" rel=\"nofollow\" id=\"download-link-2636\" data-redirect=\"false\" >\n\tDownload &ldquo;Presta\u00e7\u00e3o de Contas FMDCA - Julho&rdquo;\t<small>Prestacao-de-Contas-FMDCA-Julho.pdf\t\t&ndash; Baixado 92 vezes\t\t&ndash; 1,05 MB<\/small>\n<\/a>\n\n<p>&nbsp;<\/p>\n\n<a  data-e-Disable-Page-Transition=\"true\" class=\"download-link download-button aligncenter\" title=\"Vers\u00e3o junho\" href=\"https:\/\/lardonatoflores.org.br\/v3\/download\/2489\/?tmstv=1776451746\" rel=\"nofollow\" id=\"download-link-2489\" data-redirect=\"false\" >\n\tDownload &ldquo;Presta\u00e7\u00e3o de contas FMDCA - JUNHO&rdquo;\t<small>Prestacao-de-contas-FMDCA-JUNHO.pdf\t\t&ndash; Baixado 250 vezes\t\t&ndash; 1,63 MB<\/small>\n<\/a>\n\n<p>&nbsp;<\/p>\n\n<a  data-e-Disable-Page-Transition=\"true\" class=\"download-link download-button aligncenter\" title=\"Vers\u00e3o maio\" href=\"https:\/\/lardonatoflores.org.br\/v3\/download\/2486\/?tmstv=1776451746\" rel=\"nofollow\" id=\"download-link-2486\" data-redirect=\"false\" >\n\tDownload &ldquo;Presta\u00e7\u00e3o de contas  FMDCA - MAIO&rdquo;\t<small>Prestacao-de-contas-FMDCA-MAIO.pdf\t\t&ndash; Baixado 250 vezes\t\t&ndash; 1,47 MB<\/small>\n<\/a>\n\n<p>&nbsp;<\/p>\n\n<a  data-e-Disable-Page-Transition=\"true\" class=\"download-link download-button aligncenter\" title=\"Vers\u00e3o abril\" href=\"https:\/\/lardonatoflores.org.br\/v3\/download\/2483\/?tmstv=1776451746\" rel=\"nofollow\" id=\"download-link-2483\" data-redirect=\"false\" >\n\tDownload &ldquo;Presta\u00e7\u00e3o de contas FMDCA - ABRIL&rdquo;\t<small>Prestacao-de-contas-FMDCA-ABRIL.pdf\t\t&ndash; Baixado 238 vezes\t\t&ndash; 1,64 MB<\/small>\n<\/a>\n\n<p>&nbsp;<\/p>\n\n<a  data-e-Disable-Page-Transition=\"true\" class=\"download-link download-button aligncenter\" title=\"Vers\u00e3o mar\u00c7o\" href=\"https:\/\/lardonatoflores.org.br\/v3\/download\/2480\/?tmstv=1776451746\" rel=\"nofollow\" id=\"download-link-2480\" data-redirect=\"false\" >\n\tDownload &ldquo;Presta\u00e7\u00e3o de contas FMDCA - MAR\u00c7O&rdquo;\t<small>Prestacao-de-contas-FMDCA-MARCO.pdf\t\t&ndash; Baixado 200 vezes\t\t&ndash; 4,83 MB<\/small>\n<\/a>\n\n<p>&nbsp;<\/p>\n\n<a  data-e-Disable-Page-Transition=\"true\" class=\"download-link download-button aligncenter\" title=\"Vers\u00e3o habilidades e compet\u00eancias 2025\" href=\"https:\/\/lardonatoflores.org.br\/v3\/download\/2473\/?tmstv=1776451746\" rel=\"nofollow\" id=\"download-link-2473\" data-redirect=\"false\" >\n\tDownload &ldquo;Plano de Trabalho FMDCA - Habilidades e Compet\u00eancias 2025&rdquo;\t<small>Plano-de-Trabalho-FMDCA-Habilidades-e-Competencias-2025.pdf\t\t&ndash; Baixado 312 vezes\t\t&ndash; 152,92 KB<\/small>\n<\/a>\n\n<p>&nbsp;<\/p>\n\n<a  data-e-Disable-Page-Transition=\"true\" class=\"download-link download-button aligncenter\" title=\"Vers\u00e3o fmdca\" href=\"https:\/\/lardonatoflores.org.br\/v3\/download\/2476\/?tmstv=1776451746\" rel=\"nofollow\" id=\"download-link-2476\" data-redirect=\"false\" >\n\tDownload &ldquo;Termo de Fomento - FMDCA&rdquo;\t<small>Termo-de-Fomento-FMDCA.pdf\t\t&ndash; Baixado 131 vezes\t\t&ndash; 695,70 KB<\/small>\n<\/a>\n\n","protected":false},"excerpt":{"rendered":"<p>&nbsp; &nbsp; &nbsp; &nbsp; &nbsp; &nbsp; &nbsp; &nbsp; &nbsp; &nbsp; [&hellip;]<\/p>\n","protected":false},"author":2,"featured_media":0,"parent":0,"menu_order":0,"comment_status":"closed","ping_status":"closed","template":"","meta":{"footnotes":""},"class_list":["post-2457","page","type-page","status-publish","hentry"],"_links":{"self":[{"href":"https:\/\/lardonatoflores.org.br\/v3\/wp-json\/wp\/v2\/pages\/2457","targetHints":{"allow":["GET"]}}],"collection":[{"href":"https:\/\/lardonatoflores.org.br\/v3\/wp-json\/wp\/v2\/pages"}],"about":[{"href":"https:\/\/lardonatoflores.org.br\/v3\/wp-json\/wp\/v2\/types\/page"}],"author":[{"embeddable":true,"href":"https:\/\/lardonatoflores.org.br\/v3\/wp-json\/wp\/v2\/users\/2"}],"replies":[{"embeddable":true,"href":"https:\/\/lardonatoflores.org.br\/v3\/wp-json\/wp\/v2\/comments?post=2457"}],"version-history":[{"count":8,"href":"https:\/\/lardonatoflores.org.br\/v3\/wp-json\/wp\/v2\/pages\/2457\/revisions"}],"predecessor-version":[{"id":2729,"href":"https:\/\/lardonatoflores.org.br\/v3\/wp-json\/wp\/v2\/pages\/2457\/revisions\/2729"}],"wp:attachment":[{"href":"https:\/\/lardonatoflores.org.br\/v3\/wp-json\/wp\/v2\/media?parent=2457"}],"curies":[{"name":"wp","href":"https:\/\/api.w.org\/{rel}","templated":true}]}}