{"id":2686,"date":"2026-01-16T15:28:08","date_gmt":"2026-01-16T18:28:08","guid":{"rendered":"https:\/\/lardonatoflores.org.br\/v3\/?page_id=2686"},"modified":"2026-01-16T15:28:43","modified_gmt":"2026-01-16T18:28:43","slug":"acesso-restrito","status":"publish","type":"page","link":"https:\/\/lardonatoflores.org.br\/v3\/acesso-restrito\/","title":{"rendered":"Acesso Restrito"},"content":{"rendered":"<p><div class=\"fusion-fullwidth fullwidth-box fusion-builder-row-1 fusion-flex-container nonhundred-percent-fullwidth non-hundred-percent-height-scrolling\" style=\"background-color: #ffffff;background-position: center center;background-repeat: no-repeat;border-width: 0px 0px 0px 0px;border-color:#eae9e9;border-style:solid;\" ><div class=\"fusion-builder-row fusion-row fusion-flex-align-items-flex-start\" style=\"max-width:1248px;margin-left: calc(-4% \/ 2 );margin-right: calc(-4% \/ 2 );\"><div class=\"fusion-layout-column fusion_builder_column fusion-builder-column-0 fusion_builder_column_1_1 1_1 fusion-flex-column\"><div class=\"fusion-column-wrapper fusion-flex-justify-content-flex-start fusion-content-layout-column\" style=\"background-position:left top;background-repeat:no-repeat;-webkit-background-size:cover;-moz-background-size:cover;-o-background-size:cover;background-size:cover;padding: 0px 0px 0px 0px;\"><div class=\"fusion-text fusion-text-1\" style=\"transform:translate3d(0,0,0);\"><p><b>Termos e Condi\u00e7\u00f5es para Download de Documentos<\/b><\/p>\n<p>Ao realizar o download de qualquer documento disponibilizado neste site, o visitante declara estar ciente e de acordo com os seguintes termos e condi\u00e7\u00f5es:<\/p>\n<p><strong>Uso Autorizado<\/strong><br \/>\nOs arquivos disponibilizados destinam-se exclusivamente ao uso pessoal e n\u00e3o comercial do usu\u00e1rio, salvo quando houver autoriza\u00e7\u00e3o expressa por escrito.<\/p>\n<p><strong>Direitos Autorais<\/strong><br \/>\nTodos os documentos, arquivos, textos, imagens e conte\u00fados disponibilizados s\u00e3o protegidos por leis. Sua reprodu\u00e7\u00e3o, distribui\u00e7\u00e3o ou publica\u00e7\u00e3o total ou parcial sem autoriza\u00e7\u00e3o \u00e9 proibida.<\/p>\n<p><strong>Registro de Informa\u00e7\u00f5es e IP<\/strong><br \/>\nPara fins de controle, auditoria, seguran\u00e7a e comprova\u00e7\u00e3o de acesso, o sistema registra automaticamente dados t\u00e9cnicos de navega\u00e7\u00e3o, incluindo o endere\u00e7o IP do visitante, data, hora e detalhes da a\u00e7\u00e3o realizada durante o download. As informa\u00e7\u00f5es s\u00e3o tratadas conforme a legisla\u00e7\u00e3o vigente e n\u00e3o ser\u00e3o divulgadas a terceiros, exceto em casos previstos em lei.<\/p>\n<p><strong>Responsabilidade do Usu\u00e1rio<\/strong><br \/>\nO visitante \u00e9 respons\u00e1vel pelo uso adequado das informa\u00e7\u00f5es contidas nos documentos baixados, bem como pelas consequ\u00eancias decorrentes desse uso.<\/p>\n<p><strong>Disponibilidade dos Arquivos<\/strong><br \/>\nO Lar Donato Flores se reserva o direito de modificar, substituir ou remover arquivos e conte\u00fados a qualquer momento, sem necessidade de aviso pr\u00e9vio.<\/p>\n<p><strong>Isen\u00e7\u00e3o de Garantias<\/strong><br \/>\nEmbora o Lar Donbato Flores se esforce para manter as informa\u00e7\u00f5es atualizadas e corretas, n\u00e3o garante que os documentos estejam livres de erros, desatualiza\u00e7\u00f5es ou inconsist\u00eancias.<\/p>\n<p><strong>Limita\u00e7\u00e3o de Responsabilidade<\/strong><br \/>\nO Lar Donato Flores n\u00e3o se responsabiliza por danos diretos ou indiretos resultantes do uso dos arquivos baixados, incluindo falhas, interpreta\u00e7\u00f5es incorretas, preju\u00edzos ou problemas causados pelo usu\u00e1rio ou por terceiros.<\/p>\n<p><strong>Aceita\u00e7\u00e3o dos Termos<\/strong><br \/>\nO download dos documentos implica a aceita\u00e7\u00e3o plena e irrestrita destes termos e condi\u00e7\u00f5es. Caso o usu\u00e1rio n\u00e3o concorde, deve interromper o processo e n\u00e3o realizar o download.<\/p>\n<\/div><\/div><\/div><style type=\"text\/css\">.fusion-body .fusion-builder-column-0{width:100% !important;margin-top : 0px;margin-bottom : 20px;}.fusion-builder-column-0 > .fusion-column-wrapper {padding-top : 0px !important;padding-right : 0px !important;margin-right : 1.92%;padding-bottom : 0px !important;padding-left : 0px !important;margin-left : 1.92%;}@media only screen and (max-width:1024px) {.fusion-body .fusion-builder-column-0{width:100% !important;order : 0;}.fusion-builder-column-0 > .fusion-column-wrapper {margin-right : 1.92%;margin-left : 1.92%;}}@media only screen and (max-width:640px) {.fusion-body .fusion-builder-column-0{width:100% !important;order : 0;}.fusion-builder-column-0 > .fusion-column-wrapper {margin-right : 1.92%;margin-left : 1.92%;}}<\/style><\/div><style type=\"text\/css\">.fusion-body .fusion-flex-container.fusion-builder-row-1{ padding-top : 0px;margin-top : 0px;padding-right : 0px;padding-bottom : 0px;margin-bottom : 0px;padding-left : 0px;}<\/style><\/div><\/p>\n","protected":false},"excerpt":{"rendered":"","protected":false},"author":1,"featured_media":0,"parent":0,"menu_order":0,"comment_status":"closed","ping_status":"closed","template":"","meta":{"footnotes":""},"class_list":["post-2686","page","type-page","status-publish","hentry"],"_links":{"self":[{"href":"https:\/\/lardonatoflores.org.br\/v3\/wp-json\/wp\/v2\/pages\/2686","targetHints":{"allow":["GET"]}}],"collection":[{"href":"https:\/\/lardonatoflores.org.br\/v3\/wp-json\/wp\/v2\/pages"}],"about":[{"href":"https:\/\/lardonatoflores.org.br\/v3\/wp-json\/wp\/v2\/types\/page"}],"author":[{"embeddable":true,"href":"https:\/\/lardonatoflores.org.br\/v3\/wp-json\/wp\/v2\/users\/1"}],"replies":[{"embeddable":true,"href":"https:\/\/lardonatoflores.org.br\/v3\/wp-json\/wp\/v2\/comments?post=2686"}],"version-history":[{"count":2,"href":"https:\/\/lardonatoflores.org.br\/v3\/wp-json\/wp\/v2\/pages\/2686\/revisions"}],"predecessor-version":[{"id":2688,"href":"https:\/\/lardonatoflores.org.br\/v3\/wp-json\/wp\/v2\/pages\/2686\/revisions\/2688"}],"wp:attachment":[{"href":"https:\/\/lardonatoflores.org.br\/v3\/wp-json\/wp\/v2\/media?parent=2686"}],"curies":[{"name":"wp","href":"https:\/\/api.w.org\/{rel}","templated":true}]}}