{"id":34,"date":"2017-01-17T19:10:38","date_gmt":"2017-01-17T21:10:38","guid":{"rendered":"http:\/\/lardonatoflores.org.br\/v3\/?page_id=34"},"modified":"2021-03-29T14:46:16","modified_gmt":"2021-03-29T17:46:16","slug":"nossa-historia","status":"publish","type":"page","link":"https:\/\/lardonatoflores.org.br\/v3\/nossa-historia\/","title":{"rendered":"Nossa Hist\u00f3ria"},"content":{"rendered":"<div class=\"fusion-fullwidth fullwidth-box fusion-builder-row-1 fusion-flex-container nonhundred-percent-fullwidth non-hundred-percent-height-scrolling\" style=\"background-color: #ffffff;background-position: center center;background-repeat: no-repeat;border-width: 0px 0px 0px 0px;border-color:#eae9e9;border-style:solid;\" ><div class=\"fusion-builder-row fusion-row fusion-flex-align-items-flex-start\" style=\"max-width:1248px;margin-left: calc(-4% \/ 2 );margin-right: calc(-4% \/ 2 );\"><div class=\"fusion-layout-column fusion_builder_column fusion-builder-column-0 fusion_builder_column_2_3 2_3 fusion-flex-column\"><div class=\"fusion-column-wrapper fusion-flex-justify-content-flex-start fusion-content-layout-column\" style=\"background-position:left top;background-repeat:no-repeat;-webkit-background-size:cover;-moz-background-size:cover;-o-background-size:cover;background-size:cover;padding: 0px 0px 0px 0px;\"><div class=\"fusion-text fusion-text-1\" style=\"transform:translate3d(0,0,0);\"><p><b>DONATO RAFAEL FLORES\u00a0<\/b>nasceu em Borda da Mata, MG, aos 29 de julho de 1899, filho de Vicente Rafael Flores e Marieta de Jesus Flores. Passou a maior parte de sua inf\u00e2ncia em Mogi Mirim, tendo perdido os pais ainda crian\u00e7a.<\/p>\n<p>Come\u00e7ou a trabalhar muito cedo como telegrafista da antiga Estrada de Ferro Sorocabana. Mais tarde deixou a ferrovia e habilitou-se para o cargo de Escrevente do Cart\u00f3rio do 2\u00ba Of\u00edcio de Capivari, transferindo-se depois para S\u00e3o Paulo. Em abril de 1925, casou-se com Faraildes Camargo Penteado, de tradicional fam\u00edlia capivariana, com quem teve duas filhas: Donildes e Dulce; e em 1929, veio para Tatu\u00ed, onde trabalhou por 30 anos no Cart\u00f3rio de Registro de Im\u00f3veis, Protestos e Anexos. Em S\u00e3o Paulo, chegou a ingressar na Faculdade de Farm\u00e1cia, cujo curso n\u00e3o concluiu por haver decidido mudar-se para Tatu\u00ed.<\/p>\n<p>Com base em suas experi\u00eancias nas lides cartor\u00e1rias, publicou o livro \u201cNotas sobre o mandato em causa pr\u00f3pria\u201d, obra que mereceu elogios de v\u00e1rios juristas, entre eles Clovis Bevil\u00e1cqua. Em colabora\u00e7\u00e3o com seu irm\u00e3o, Dr. Pompilio Rafael Flores, escreveu ainda \u201cRegistro de hipotecas\u201d, obra que foi igualmente muito apreciada e que se divulgou por todo o pa\u00eds.<\/p>\n<p>Seu trabalho na \u00e1rea de protestos de t\u00edtulos levou-o a conhecer de perto os dramas vividos por pessoas que se viram amea\u00e7adas de perder tudo o que possu\u00edam. Ele sempre procurou ajud\u00e1-las, negociando prazo com os credores e muitas vezes pagando a d\u00edvida com dinheiro de seu pr\u00f3prio bolso. E era com satisfa\u00e7\u00e3o que dizia: \u201cDurante os anos que trabalhei neste Cart\u00f3rio, nunca houve um t\u00edtulo protestado em Tatu\u00ed.\u201d<\/p>\n<p>Os problemas sociais o tocavam profundamente e ele orientou sua vida no sentido de tentar resolv\u00ea-los ou ao menos ameniz\u00e1-los. Assim, fornecia alimentos e agasalhos para fam\u00edlias carentes, comprava medicamentos para doentes sem recursos, tendo sempre uma palavra de est\u00edmulo ou um conselho para quem necessitasse. Era adepto da caridade sem alarde, pois sua filosofia de vida era fazer o bem pelo bem.<\/p>\n<p>Esteve presente em todos os empreendimentos em prol dos menos favorecidos de nossa cidade, dando o m\u00e1ximo de si para o que se tornou seu primordial objetivo \u2013 melhorar a condi\u00e7\u00e3o de vida dos mais humildes. Por\u00e9m, foi \u00e0 inf\u00e2ncia desprotegida que ele dedicou seu maior carinho e aten\u00e7\u00e3o.<\/p>\n<p>Trabalhando junto ao juizado de menores, viu passar por suas m\u00e3os in\u00fameras crian\u00e7as \u00f3rf\u00e3s ou abandonadas, que ele encaminhava para ado\u00e7\u00e3o ou para alguma institui\u00e7\u00e3o que as amparasse.<\/p>\n<p>Era seu sonho construir em Tatu\u00ed um Lar para esses menores desprotegidos, para que pudessem ter a chance de uma vida melhor e mais digna.<\/p>\n<p>J\u00e1 havia dado os primeiros passos a fim de realizar esse projeto, quando a morte o surpreendeu em 9 de novembro de 1960.<\/p>\n<p>Seus amigos: a Loja Ma\u00e7\u00f4nica Caridade III, o Clube dos Treze e o Centro Esp\u00edrita \u201cCairbar Schutel\u201d levaram adiante seu ideal. Assim ergueu-se o Lar que leva seu nome e que durante todos esses anos vem cumprindo a miss\u00e3o de dar abrigo, prote\u00e7\u00e3o e amor \u00e0s crian\u00e7as necessitadas de Tatu\u00ed.<\/p>\n<p>O terreno onde o Lar est\u00e1 instalado foi doado pela Prefeitura Municipal de Tatui em 1964, pelo ent\u00e3o Prefeito Municipal Paulo Assump\u00e7\u00e3o Ribeiro conhecido como professor Paulinho.<\/p>\n<p>Esse local pertenceu ao Dr. Emilio Marcondes Ribas que viveu em nossa cidade por 15 anos, clinicando como m\u00e9dico sanitarista. Nesse terreno, doado por ele, foi instalada uma benefic\u00eancia para portadores do mal de Hansem. O local era conhecido como \u201cIsolamento\u201d.<\/p>\n<p>O Lar Donato Flores foi fundado em 1961 e desde 1970 desenvolveu trabalho com crian\u00e7as e adolescentes do sexo feminino, com acolhimento institucional.<\/p>\n<p>No decorrer dos anos, a necessidade de minimizar os problemas sociais fez com que surgissem ideias de projetos sociais que agregassem valores \u00e0s crian\u00e7as auxiliadas pela Organiza\u00e7\u00e3o. A ideia de desenvolver um projeto sustent\u00e1vel levou a diretoria a procurar alternativas que fossem vi\u00e1veis e aplic\u00e1veis.<\/p>\n<p>A partir da\u00ed, um importante passo foi dado para o desenvolvimento de trabalhos focados n\u00e3o somente no amparo, mas na melhoria dos problemas sociais da comunidade de Tatu\u00ed.<\/p>\n<p>Em 2003, iniciou um Projeto s\u00f3cioeducativo complementar \u00e0 escola, denominado\u00a0<strong>Lar Espa\u00e7o Feliz<\/strong>, de inclus\u00e3o social, com crian\u00e7as, adolescentes acolhidas e com moradoras do entorno da organiza\u00e7\u00e3o.<\/p>\n<p>Nesse Projeto, as participantes, no contra turno escolar, t\u00eam atividades complementares em forma de oficinas de: Jud\u00f4, Coral, Artes, Artesanato, Teatro, Dan\u00e7a, Civismo, Ecologia, Leitura e interpreta\u00e7\u00e3o de textos, Racioc\u00ednio l\u00f3gico e matem\u00e1tico, Inform\u00e1tica, Cidadania, Civismo, Comportamento, Higiene\/Sa\u00fade, Forma\u00e7\u00e3o para o mundo do trabalho e Curso Profissionalizante na \u00c1rea Administrativa, direcionado para o mercado de trabalho obedecendo \u00e0 Lei do Aprendiz.<\/p>\n<p>Atrav\u00e9s de um Termo de A\u00e7\u00e3o e Conduta executado com a Justi\u00e7a da Inf\u00e2ncia e Adolesc\u00eancia, em 2016 deixou de ser acolhimento institucional e passou a atender tamb\u00e9m crian\u00e7as e adolescentes do sexo masculino no Servi\u00e7o de Conviv\u00eancia Espa\u00e7o Feliz.<\/p>\n<p>Atualmente s\u00e3o atendidas diariamente 300 crian\u00e7as e adolescentes de ambos os sexos, de 10 a 18 anos e seus familiares. Todas em situa\u00e7\u00e3o de vulnerabilidade (per capita \u00bd sal\u00e1rio m\u00ednimo ou problema social), de todo o munic\u00edpio, sendo que muitas j\u00e1 foram direcionadas para o mercado de trabalho, como Aprendizes, nas empresas parceiras da aprendizagem.<\/p>\n<p>As fam\u00edlias tamb\u00e9m participam de reuni\u00f5es e encontros formativos, informativos e intergeracionais; al\u00e9m de atendimentos psicosociais pela equipe t\u00e9cnica.<\/p>\n<p>O Lar Donato Flores na execu\u00e7\u00e3o dos seus trabalhos observa os seguintes Objetivos de Desenvolvimento Sustent\u00e1vel da ONU:<\/p>\n<p>Objetivo 4.- Assegurar a educa\u00e7\u00e3o inclusiva e equitativa e de qualidade, e promover oportunidades de aprendizagem ao longo da vida para todas e todos;<\/p>\n<p>Objetivo 8.- Promover o crescimento econ\u00f4mico sustentado, inclusivo e sustent\u00e1vel, emprego pleno e produtivo e trabalho decente para todas e todos.<\/p>\n<\/div><\/div><\/div><style type=\"text\/css\">.fusion-body .fusion-builder-column-0{width:66.666666666667% !important;margin-top : 0px;margin-bottom : 20px;}.fusion-builder-column-0 > .fusion-column-wrapper {padding-top : 0px !important;padding-right : 0px !important;margin-right : 2.88%;padding-bottom : 0px !important;padding-left : 0px !important;margin-left : 2.88%;}@media only screen and (max-width:1024px) {.fusion-body .fusion-builder-column-0{width:66.666666666667% !important;order : 0;}.fusion-builder-column-0 > .fusion-column-wrapper {margin-right : 2.88%;margin-left : 2.88%;}}@media only screen and (max-width:640px) {.fusion-body .fusion-builder-column-0{width:100% !important;order : 0;}.fusion-builder-column-0 > .fusion-column-wrapper {margin-right : 1.92%;margin-left : 1.92%;}}<\/style><div class=\"fusion-layout-column fusion_builder_column fusion-builder-column-1 fusion_builder_column_1_3 1_3 fusion-flex-column\"><div class=\"fusion-column-wrapper fusion-flex-justify-content-flex-start fusion-content-layout-column\" style=\"background-position:left top;background-repeat:no-repeat;-webkit-background-size:cover;-moz-background-size:cover;-o-background-size:cover;background-size:cover;padding: 0px 0px 0px 0px;\"><div style=\"text-align:center;\"><span class=\" fusion-imageframe imageframe-none imageframe-1 hover-type-none fusion-animated\" style=\"border:6px solid #607d8b;margin-top:10px;margin-bottom:10px;\" data-animationType=\"zoomInRight\" data-animationDuration=\"1.5\" data-animationOffset=\"100%\"><img decoding=\"async\" width=\"448\" height=\"291\" alt=\"Donato Rafael Flores\" title=\"Donato_Flores\" src=\"https:\/\/lardonatoflores.org.br\/v3\/wp-content\/uploads\/2017\/06\/Donato_Flores.jpg\" class=\"img-responsive wp-image-357\" srcset=\"https:\/\/lardonatoflores.org.br\/v3\/wp-content\/uploads\/2017\/06\/Donato_Flores-300x195.jpg 300w, https:\/\/lardonatoflores.org.br\/v3\/wp-content\/uploads\/2017\/06\/Donato_Flores.jpg 448w\" sizes=\"(max-width: 448px) 100vw, 448px\" \/><\/span><\/div><style type=\"text\/css\">@media only screen and (max-width:1024px) {.fusion-title.fusion-title-1{margin-top:10px!important;margin-bottom:15px!important;}}@media only screen and (max-width:640px) {.fusion-title.fusion-title-1{margin-top:10px!important;margin-bottom:10px!important;}}<\/style><div class=\"fusion-title title fusion-title-1 fusion-title-text fusion-title-size-one\" style=\"margin-top:10px;margin-bottom:15px;\"><div class=\"title-sep-container title-sep-container-left fusion-no-large-visibility fusion-no-medium-visibility fusion-no-small-visibility\"><div class=\"title-sep sep-double sep-solid\" style=\"border-color:#e0dede;\"><\/div><\/div><h1 class=\"title-heading-left\" style=\"margin:0;\">Not\u00edcias<\/h1><div class=\"title-sep-container title-sep-container-right\"><div class=\"title-sep sep-double sep-solid\" style=\"border-color:#e0dede;\"><\/div><\/div><\/div><div class=\"fusion-social-links\"><div class=\"fusion-social-networks\"><div class=\"fusion-social-networks-wrapper\"><a class=\"fusion-social-network-icon fusion-tooltip fusion-facebook fusion-icon-facebook\" style=\"color:#bebdbd;font-size:16px;\" data-placement=\"top\" data-title=\"Facebook\" data-toggle=\"tooltip\" title=\"Facebook\" aria-label=\"facebook\" target=\"_blank\" rel=\"noopener noreferrer\" href=\"#\"><\/a><a class=\"fusion-social-network-icon fusion-tooltip fusion-instagram fusion-icon-instagram\" style=\"color:#bebdbd;font-size:16px;\" data-placement=\"top\" data-title=\"Instagram\" data-toggle=\"tooltip\" title=\"Instagram\" aria-label=\"instagram\" target=\"_blank\" rel=\"noopener noreferrer\" href=\"#\"><\/a><a class=\"fusion-social-network-icon fusion-tooltip fusion-twitter fusion-icon-twitter\" style=\"color:#bebdbd;font-size:16px;\" data-placement=\"top\" data-title=\"Twitter\" data-toggle=\"tooltip\" title=\"Twitter\" aria-label=\"twitter\" target=\"_blank\" rel=\"noopener noreferrer\" href=\"#\"><\/a><\/div><\/div><\/div><div class=\"fusion-section-separator section-separator triangle fusion-section-separator-1\"><div class=\"fusion-section-separator-svg\" style=\"border-top:1px solid #f6f6f6;\"><div class=\"divider-candy-arrow top\" style=\"bottom:0px;border-bottom-color: #f6f6f6;\"><\/div><div class=\"divider-candy top\" style=\"top:-21px;border-bottom:1px solid #f6f6f6;border-left:1px solid #f6f6f6;\"><\/div><\/div><div class=\"fusion-section-separator-spacer\"><div class=\"fusion-section-separator-spacer-height\" style=\"height:1px;\"><\/div><\/div><style type=\"text\/css\">.fusion-section-separator-1 .fusion-section-separator-svg {margin-left:5.76%;margin-right:5.76%;}@media only screen and (max-width:1024px) {.fusion-section-separator-1 .fusion-section-separator-svg {margin-left:5.76%;margin-right:5.76%;}}@media only screen and (max-width:640px) {.fusion-section-separator-1 .fusion-section-separator-svg {margin-left:1.92%;margin-right:1.92%;}}<\/style><\/div><div class=\"fusion-recent-posts fusion-recent-posts-1 avada-container layout-default layout-columns-1\"><section class=\"fusion-columns columns fusion-columns-1 columns-1\"><article class=\"post fusion-column column col col-lg-12 col-md-12 col-sm-12\"><div class=\"recent-posts-content\"><span class=\"vcard\" style=\"display: none;\"><span class=\"fn\"><a href=\"https:\/\/lardonatoflores.org.br\/v3\/author\/lar-donato-flores\/\" title=\"Posts de Lar Donato Flores\" rel=\"author\">Lar Donato Flores<\/a><\/span><\/span><span class=\"updated\" style=\"display:none;\">2022-01-05T17:19:15-03:00<\/span><h4 class=\"entry-title\"><a href=\"https:\/\/lardonatoflores.org.br\/v3\/2021\/03\/29\/acervo\/\">Acervo Hist\u00f3rico Fotogr\u00e1fico<\/a><\/h4><p>                             <\/p><\/div><\/article><article class=\"post fusion-column column col col-lg-12 col-md-12 col-sm-12\"><div class=\"recent-posts-content\"><span class=\"vcard\" style=\"display: none;\"><span class=\"fn\"><a href=\"https:\/\/lardonatoflores.org.br\/v3\/author\/lar-donato-flores\/\" title=\"Posts de Lar Donato Flores\" rel=\"author\">Lar Donato Flores<\/a><\/span><\/span><span class=\"updated\" style=\"display:none;\">2021-03-29T14:34:47-03:00<\/span><h4 class=\"entry-title\"><a href=\"https:\/\/lardonatoflores.org.br\/v3\/2021\/03\/29\/doacao-pelo-incentivo-do-imposto-de-renda\/\">Doa\u00e7\u00e3o pelo Incentivo do Imposto de Renda<\/a><\/h4><p>Como Contribuir: \u00a0<\/p><\/div><\/article><\/section><\/div><\/div><\/div><style type=\"text\/css\">.fusion-body .fusion-builder-column-1{width:33.333333333333% !important;margin-top : 0px;margin-bottom : 20px;}.fusion-builder-column-1 > .fusion-column-wrapper {padding-top : 0px !important;padding-right : 0px !important;margin-right : 5.76%;padding-bottom : 0px !important;padding-left : 0px !important;margin-left : 5.76%;}@media only screen and (max-width:1024px) {.fusion-body .fusion-builder-column-1{width:33.333333333333% !important;order : 0;}.fusion-builder-column-1 > .fusion-column-wrapper {margin-right : 5.76%;margin-left : 5.76%;}}@media only screen and (max-width:640px) {.fusion-body .fusion-builder-column-1{width:100% !important;order : 0;}.fusion-builder-column-1 > .fusion-column-wrapper {margin-right : 1.92%;margin-left : 1.92%;}}<\/style><\/div><style type=\"text\/css\">.fusion-body .fusion-flex-container.fusion-builder-row-1{ padding-top : 0px;margin-top : 0px;padding-right : 0px;padding-bottom : 0px;margin-bottom : 0px;padding-left : 0px;}<\/style><\/div>\n","protected":false},"excerpt":{"rendered":"","protected":false},"author":1,"featured_media":0,"parent":0,"menu_order":0,"comment_status":"closed","ping_status":"closed","template":"","meta":{"footnotes":""},"class_list":["post-34","page","type-page","status-publish","hentry"],"_links":{"self":[{"href":"https:\/\/lardonatoflores.org.br\/v3\/wp-json\/wp\/v2\/pages\/34","targetHints":{"allow":["GET"]}}],"collection":[{"href":"https:\/\/lardonatoflores.org.br\/v3\/wp-json\/wp\/v2\/pages"}],"about":[{"href":"https:\/\/lardonatoflores.org.br\/v3\/wp-json\/wp\/v2\/types\/page"}],"author":[{"embeddable":true,"href":"https:\/\/lardonatoflores.org.br\/v3\/wp-json\/wp\/v2\/users\/1"}],"replies":[{"embeddable":true,"href":"https:\/\/lardonatoflores.org.br\/v3\/wp-json\/wp\/v2\/comments?post=34"}],"version-history":[{"count":24,"href":"https:\/\/lardonatoflores.org.br\/v3\/wp-json\/wp\/v2\/pages\/34\/revisions"}],"predecessor-version":[{"id":1374,"href":"https:\/\/lardonatoflores.org.br\/v3\/wp-json\/wp\/v2\/pages\/34\/revisions\/1374"}],"wp:attachment":[{"href":"https:\/\/lardonatoflores.org.br\/v3\/wp-json\/wp\/v2\/media?parent=34"}],"curies":[{"name":"wp","href":"https:\/\/api.w.org\/{rel}","templated":true}]}}