{"id":421,"date":"2017-09-04T10:22:42","date_gmt":"2017-09-04T13:22:42","guid":{"rendered":"http:\/\/lardonatoflores.org.br\/v3\/?page_id=421"},"modified":"2017-09-04T10:22:42","modified_gmt":"2017-09-04T13:22:42","slug":"ficha-de-inscricao","status":"publish","type":"page","link":"https:\/\/lardonatoflores.org.br\/v3\/ficha-de-inscricao\/","title":{"rendered":"Ficha de Inscri\u00e7\u00e3o"},"content":{"rendered":"<p><img decoding=\"async\" class=\"size-medium wp-image-387 aligncenter\" src=\"http:\/\/lardonatoflores.org.br\/v3\/wp-content\/uploads\/2017\/07\/Novo_Logo-300x234.png\" alt=\"\" width=\"300\" height=\"234\" srcset=\"https:\/\/lardonatoflores.org.br\/v3\/wp-content\/uploads\/2017\/07\/Novo_Logo-300x234.png 300w, https:\/\/lardonatoflores.org.br\/v3\/wp-content\/uploads\/2017\/07\/Novo_Logo.png 315w\" sizes=\"(max-width: 300px) 100vw, 300px\" \/><\/p>\n<p>&nbsp;<\/p>\n<h1 style=\"text-align: center;\"><span style=\"color: #ff6600;\">Temporariamente as inscri\u00e7\u00f5es est\u00e3o suspensas<\/span><\/h1>\n","protected":false},"excerpt":{"rendered":"<p>&nbsp; Temporariamente as inscri\u00e7\u00f5es est\u00e3o suspensas<\/p>\n","protected":false},"author":1,"featured_media":0,"parent":0,"menu_order":0,"comment_status":"closed","ping_status":"closed","template":"","meta":{"footnotes":""},"class_list":["post-421","page","type-page","status-publish","hentry"],"_links":{"self":[{"href":"https:\/\/lardonatoflores.org.br\/v3\/wp-json\/wp\/v2\/pages\/421","targetHints":{"allow":["GET"]}}],"collection":[{"href":"https:\/\/lardonatoflores.org.br\/v3\/wp-json\/wp\/v2\/pages"}],"about":[{"href":"https:\/\/lardonatoflores.org.br\/v3\/wp-json\/wp\/v2\/types\/page"}],"author":[{"embeddable":true,"href":"https:\/\/lardonatoflores.org.br\/v3\/wp-json\/wp\/v2\/users\/1"}],"replies":[{"embeddable":true,"href":"https:\/\/lardonatoflores.org.br\/v3\/wp-json\/wp\/v2\/comments?post=421"}],"version-history":[{"count":1,"href":"https:\/\/lardonatoflores.org.br\/v3\/wp-json\/wp\/v2\/pages\/421\/revisions"}],"predecessor-version":[{"id":422,"href":"https:\/\/lardonatoflores.org.br\/v3\/wp-json\/wp\/v2\/pages\/421\/revisions\/422"}],"wp:attachment":[{"href":"https:\/\/lardonatoflores.org.br\/v3\/wp-json\/wp\/v2\/media?parent=421"}],"curies":[{"name":"wp","href":"https:\/\/api.w.org\/{rel}","templated":true}]}}